{"id":7,"date":"2016-08-17T19:17:12","date_gmt":"2016-08-17T17:17:12","guid":{"rendered":"http:\/\/kondek.home.pl\/skrzynie-automatyczne\/?page_id=7"},"modified":"2020-11-08T01:04:40","modified_gmt":"2020-11-08T00:04:40","slug":"serwis-automatycznych-skrzyn-biegow","status":"publish","type":"page","link":"http:\/\/skrzynie-automatyczne.pl\/","title":{"rendered":"Serwis Automatycznych Skrzy\u0144 Bieg\u00f3w"},"content":{"rendered":"<p>[vc_row margin_top=&#8221;-50&#8243; full_width_row=&#8221;true&#8221;][vc_column][rev_slider_vc alias=&#8221;main&#8221;][\/vc_column][\/vc_row][vc_row margin_bottom=&#8221;-50&#8243; full_width_row=&#8221;true&#8221; padding_left=&#8221;40&#8243; padding_right=&#8221;40&#8243;][vc_column width=&#8221;1\/3&#8243; css=&#8221;.vc_custom_1473780775570{padding-right: 20px !important;padding-left: 20px !important;}&#8221;][vc_single_image image=&#8221;16&#8243; img_size=&#8221;full&#8221; alignment=&#8221;center&#8221;][vc_column_text css=&#8221;.vc_custom_1473780563725{margin-top: -20px !important;}&#8221;]<\/p>\n<h2 style=\"font-size: 25px; line-height: 1.2em; text-align: center;\">Naprawa, serwis i diagnostyka automatycznych skrzy\u0144 bieg\u00f3w<\/h2>\n<p style=\"text-align: justify;\">Specjalizujemy si\u0119 w serwisie i diagnostyce automatycznych skrzy\u0144 bieg\u00f3w pojazdach osobowych oraz pojazdach dostawczych, pojazdach ci\u0119\u017carowych, pojazdach specjalistycznych i autobus\u00f3w. Prowadzimy ponadto serwis zwi\u0105zany z naprawami g\u0142\u00f3wnymi i bie\u017c\u0105cymi.<\/p>\n<p>[\/vc_column_text][\/vc_column][vc_column width=&#8221;1\/3&#8243; css=&#8221;.vc_custom_1473780785537{padding-right: 20px !important;padding-left: 20px !important;}&#8221;][vc_single_image image=&#8221;23&#8243; img_size=&#8221;full&#8221; alignment=&#8221;center&#8221;][vc_column_text css=&#8221;.vc_custom_1473780651376{margin-top: -20px !important;}&#8221;]<\/p>\n<h2 style=\"font-size: 25px; line-height: 1.2em; text-align: center;\">Lata zdobytych do\u015bwiadcze\u0144 i najnowszy osprz\u0119t diagnostyczny<\/h2>\n<p style=\"text-align: justify;\">PK Automat to profesjonalna firma i zesp\u00f3\u0142 mechanik\u00f3w. Mamy za sob\u0105 lata do\u015bwiadcze\u0144 w naszej dziedzinie i liczne szkolenia za\u0142ogi przy wsp\u00f3\u0142pracy takich producent\u00f3w jak Allison. Dysponujemy zawsze najnowsz\u0105 wiedz\u0105, umiej\u0119tno\u015bciami i narz\u0119dziami.<\/p>\n<p>[\/vc_column_text][\/vc_column][vc_column width=&#8221;1\/3&#8243; css=&#8221;.vc_custom_1473780794458{padding-right: 20px !important;padding-left: 20px !important;}&#8221;][vc_single_image image=&#8221;24&#8243; img_size=&#8221;full&#8221; alignment=&#8221;center&#8221;][vc_column_text css=&#8221;.vc_custom_1473780681581{margin-top: -20px !important;}&#8221;]<\/p>\n<h2 style=\"font-size: 25px; line-height: 1.2em; text-align: center;\">Zajmujemy si\u0119 r\u00f3wnie\u017c sprz\u0119g\u0142ami hydrokinetycznymi<\/h2>\n<p style=\"text-align: justify;\">Us\u0142ugi zwi\u0105zane z serwisem przek\u0142adni automatycznych realizujemy kompleksowo. Nasza specjalizacja obejmuje regeneracj\u0119 sprz\u0119gie\u0142 hydrokinetycznych zar\u00f3wno w pojazdach osobowych jak i pojazdach ci\u0119\u017carowych, a tak\u017ce adaptacje i ustawienia automatycznych skrzy\u0144 bieg\u00f3w.<\/p>\n<p>[\/vc_column_text][\/vc_column][\/vc_row]<\/p>\n","protected":false},"excerpt":{"rendered":"<p>[vc_row margin_top=&#8221;-50&#8243; full_width_row=&#8221;true&#8221;][vc_column][rev_slider_vc alias=&#8221;main&#8221;][\/vc_column][\/vc_row][vc_row margin_bottom=&#8221;-50&#8243; full_width_row=&#8221;true&#8221; padding_left=&#8221;40&#8243; padding_right=&#8221;40&#8243;][vc_column width=&#8221;1\/3&#8243; css=&#8221;.vc_custom_1473780775570{padding-right: 20px !important;padding-left: 20px !important;}&#8221;][vc_single_image image=&#8221;16&#8243; img_size=&#8221;full&#8221; alignment=&#8221;center&#8221;][vc_column_text css=&#8221;.vc_custom_1473780563725{margin-top: -20px !important;}&#8221;] Naprawa, serwis i diagnostyka automatycznych skrzy\u0144 bieg\u00f3w Specjalizujemy si\u0119 w serwisie i diagnostyce automatycznych skrzy\u0144 bieg\u00f3w pojazdach osobowych oraz pojazdach dostawczych, pojazdach ci\u0119\u017carowych, pojazdach specjalistycznych i autobus\u00f3w. Prowadzimy ponadto serwis zwi\u0105zany z naprawami g\u0142\u00f3wnymi i&hellip;<\/p>\n","protected":false},"author":1,"featured_media":9,"parent":0,"menu_order":0,"comment_status":"closed","ping_status":"closed","template":"template-microsite.php","meta":{"footnotes":""},"_links":{"self":[{"href":"http:\/\/skrzynie-automatyczne.pl\/index.php\/wp-json\/wp\/v2\/pages\/7"}],"collection":[{"href":"http:\/\/skrzynie-automatyczne.pl\/index.php\/wp-json\/wp\/v2\/pages"}],"about":[{"href":"http:\/\/skrzynie-automatyczne.pl\/index.php\/wp-json\/wp\/v2\/types\/page"}],"author":[{"embeddable":true,"href":"http:\/\/skrzynie-automatyczne.pl\/index.php\/wp-json\/wp\/v2\/users\/1"}],"replies":[{"embeddable":true,"href":"http:\/\/skrzynie-automatyczne.pl\/index.php\/wp-json\/wp\/v2\/comments?post=7"}],"version-history":[{"count":18,"href":"http:\/\/skrzynie-automatyczne.pl\/index.php\/wp-json\/wp\/v2\/pages\/7\/revisions"}],"predecessor-version":[{"id":46,"href":"http:\/\/skrzynie-automatyczne.pl\/index.php\/wp-json\/wp\/v2\/pages\/7\/revisions\/46"}],"wp:featuredmedia":[{"embeddable":true,"href":"http:\/\/skrzynie-automatyczne.pl\/index.php\/wp-json\/wp\/v2\/media\/9"}],"wp:attachment":[{"href":"http:\/\/skrzynie-automatyczne.pl\/index.php\/wp-json\/wp\/v2\/media?parent=7"}],"curies":[{"name":"wp","href":"https:\/\/api.w.org\/{rel}","templated":true}]}}