{"id":37,"date":"2016-09-13T18:48:00","date_gmt":"2016-09-13T16:48:00","guid":{"rendered":"http:\/\/kondek.home.pl\/skrzynie-automatyczne\/?page_id=37"},"modified":"2020-11-08T01:04:40","modified_gmt":"2020-11-08T00:04:40","slug":"oferta","status":"publish","type":"page","link":"http:\/\/skrzynie-automatyczne.pl\/index.php\/oferta\/","title":{"rendered":"Oferta"},"content":{"rendered":"<p>[vc_row margin_bottom=&#8221;-50&#8243; full_width_row=&#8221;true&#8221; padding_left=&#8221;40&#8243; padding_right=&#8221;40&#8243;][vc_column][vc_column_text]<img loading=\"lazy\" decoding=\"async\" class=\"size-medium wp-image-34 alignright\" src=\"http:\/\/kondek.home.pl\/skrzynie-automatyczne\/wp-content\/uploads\/2016\/08\/summit-hauler-allison-transmission-8548027a57ee58a9c43bf134e397cfb4-248x300.png\" alt=\"summit-hauler-allison-transmission-8548027a57ee58a9c43bf134e397cfb4\" width=\"248\" height=\"300\" srcset=\"http:\/\/skrzynie-automatyczne.pl\/wp-content\/uploads\/2016\/08\/summit-hauler-allison-transmission-8548027a57ee58a9c43bf134e397cfb4-248x300.png 248w, http:\/\/skrzynie-automatyczne.pl\/wp-content\/uploads\/2016\/08\/summit-hauler-allison-transmission-8548027a57ee58a9c43bf134e397cfb4.png 334w\" sizes=\"(max-width: 248px) 100vw, 248px\" \/>PK Automat jest firm\u0105 kt\u00f3ra zajmuje si\u0119 bie\u017c\u0105cym serwisem aut osobowych i u\u017cytkowych, a specjalizuje si\u0119 w naprawie oraz obs\u0142udze automatycznych skrzy\u0144 bieg\u00f3w w pojazdach.<\/p>\n<p>Dysponujemy specjalistycznym sprz\u0119tem do diagnostyki oraz wieloletnim do\u015bwiadczeniem w naszej dziedzinie, wsp\u00f3\u0142pracujemy ze sprawdzonymi punktami specjalizuj\u0105cymi si\u0119 w regeneracji niezb\u0119dnych podzespo\u0142\u00f3w, a dzi\u0119ki okresowym szkoleniom \u015bwiadczymy us\u0142ugi na najwy\u017cszym poziomie technicznym. Profesjonalnie i na miar\u0119 czasu podchodzimy tak\u017ce do obs\u0142ugi naszych Klient\u00f3w, a nasza oferta to tak\u017ce odbi\u00f3r do serwisu i podstawienie auta po serwisie.<\/p>\n<p>Przyk\u0142adowe zlecenia:<\/p>\n<ul>\n<li>Pe\u0142na diagnostyka komputerowa pojazd\u00f3w osobowych<\/li>\n<li>Pe\u0142na diagnostyka komputerowa pojazd\u00f3w dostawczych i ci\u0119\u017carowych<\/li>\n<li>Naprawa skrzy\u0144 automatycznych Allison<\/li>\n<li>Adaptacja skrzy\u0144 Mutitronik<\/li>\n<li>Ustawianie skrzy\u0144 DSG<\/li>\n<li>Regeneracja sprz\u0119gie\u0142 hydrokinetycznych<\/li>\n<li>Wymiana oleju<\/li>\n<li>Serwis i naprawy bie\u017c\u0105ce<\/li>\n<\/ul>\n<p>Nasz punkt znajduje si\u0119 w miejscowo\u015bci Jatne 20 km od warszawy przy drodze krajowej nr 17 Warszawa Lublin. Zapraszamy![\/vc_column_text][\/vc_column][\/vc_row]<\/p>\n","protected":false},"excerpt":{"rendered":"<p>[vc_row margin_bottom=&#8221;-50&#8243; full_width_row=&#8221;true&#8221; padding_left=&#8221;40&#8243; padding_right=&#8221;40&#8243;][vc_column][vc_column_text]PK Automat jest firm\u0105 kt\u00f3ra zajmuje si\u0119 bie\u017c\u0105cym serwisem aut osobowych i u\u017cytkowych, a specjalizuje si\u0119 w naprawie oraz obs\u0142udze automatycznych skrzy\u0144 bieg\u00f3w w pojazdach. Dysponujemy specjalistycznym sprz\u0119tem do diagnostyki oraz wieloletnim do\u015bwiadczeniem w naszej dziedzinie, wsp\u00f3\u0142pracujemy ze sprawdzonymi punktami specjalizuj\u0105cymi si\u0119 w regeneracji niezb\u0119dnych podzespo\u0142\u00f3w, a dzi\u0119ki okresowym szkoleniom \u015bwiadczymy&hellip;<\/p>\n","protected":false},"author":1,"featured_media":0,"parent":0,"menu_order":0,"comment_status":"closed","ping_status":"closed","template":"","meta":{"footnotes":""},"_links":{"self":[{"href":"http:\/\/skrzynie-automatyczne.pl\/index.php\/wp-json\/wp\/v2\/pages\/37"}],"collection":[{"href":"http:\/\/skrzynie-automatyczne.pl\/index.php\/wp-json\/wp\/v2\/pages"}],"about":[{"href":"http:\/\/skrzynie-automatyczne.pl\/index.php\/wp-json\/wp\/v2\/types\/page"}],"author":[{"embeddable":true,"href":"http:\/\/skrzynie-automatyczne.pl\/index.php\/wp-json\/wp\/v2\/users\/1"}],"replies":[{"embeddable":true,"href":"http:\/\/skrzynie-automatyczne.pl\/index.php\/wp-json\/wp\/v2\/comments?post=37"}],"version-history":[{"count":2,"href":"http:\/\/skrzynie-automatyczne.pl\/index.php\/wp-json\/wp\/v2\/pages\/37\/revisions"}],"predecessor-version":[{"id":48,"href":"http:\/\/skrzynie-automatyczne.pl\/index.php\/wp-json\/wp\/v2\/pages\/37\/revisions\/48"}],"wp:attachment":[{"href":"http:\/\/skrzynie-automatyczne.pl\/index.php\/wp-json\/wp\/v2\/media?parent=37"}],"curies":[{"name":"wp","href":"https:\/\/api.w.org\/{rel}","templated":true}]}}